{"id":5724,"date":"2018-10-22T13:45:37","date_gmt":"2018-10-22T13:45:37","guid":{"rendered":"https:\/\/www.ekko-wp.com\/?page_id=5724"},"modified":"2020-05-23T00:27:18","modified_gmt":"2020-05-23T00:27:18","slug":"nuestra-empresa","status":"publish","type":"page","link":"https:\/\/rretiquetas.com.uy\/sitio\/nuestra-empresa\/","title":{"rendered":"Nuestra empresa"},"content":{"rendered":"<div class=\"wpb-content-wrapper\"><p>[vc_row full_width=\u00bbstretch_row\u00bb css=\u00bb.vc_custom_1588128936527{padding-top: 260px !important;padding-bottom: 140px !important;background-image: url(https:\/\/rretiquetas.com.uy\/sitio\/wp-content\/uploads\/2020\/04\/3040314-155.jpg?id=8000) !important;background-position: center !important;background-repeat: no-repeat !important;background-size: cover !important;}\u00bb][vc_column][vc_row_inner][vc_column_inner][vc_empty_space height=\u00bb25px\u00bb]<header class=\"kd-section-title col-lg-12 text-center solid-line sep-border-width-5 50px kd-animated fadeIn  \" data-animation-delay=200><h2 class=\"separator_on\" style=\"color: #ffffff;font-size: 42px;\">Resolvemos de forma r\u00e1pida y segura todo lo relacionado al etiquetado de tu producto.<\/h2><div class=\"kd-separator below_title\" style=\"width:50px;\"><div class=\"kd-separator-line\" ><\/div><\/div><h6 class=\"subtitle \" style=\"color: #ffffff;font-size: 22px;\">Ponemos a tu disposici\u00f3n nuestro departamento t\u00e9cnico para asistirlos de forma r\u00e1pida y profesional las 24 horas, los 365 d\u00edas del a\u00f1o. Nuestra premisa es que tu producci\u00f3n no se detenga.<\/h6><\/header>[\/vc_column_inner][\/vc_row_inner][\/vc_column][\/vc_row][vc_row full_width=\u00bbstretch_row\u00bb parallax=\u00bbcontent-moving\u00bb css=\u00bb.vc_custom_1588129043909{padding-top: 100px !important;padding-bottom: 85px !important;background-image: url(https:\/\/rretiquetas.com.uy\/sitio\/wp-content\/uploads\/2020\/01\/grey-bg.jpg?id=7597) !important;}\u00bb][vc_column][vc_row_inner][vc_column_inner width=\u00bb1\/3&#8243; offset=\u00bbvc_col-lg-4 vc_col-md-12&#8243; css=\u00bb.vc_custom_1539607714286{padding-right: 50px !important;padding-left: 0px !important;}\u00bb]<header class=\"kd-section-title col-lg-12 text-left  kd-animated fadeIn  \" data-animation-delay=200><h2 class=\"separator_off\" style=\"font-size: 50px;line-height: 59px;\">Somos una empresa dedicada a la fabricaci\u00f3n de etiquetas.<\/h2><\/header>[\/vc_column_inner][vc_column_inner width=\u00bb1\/3&#8243; offset=\u00bbvc_col-lg-4 vc_col-md-6&#8243;][vc_custom_heading text=\u00bbOfrecemos una l\u00ednea completa de productos que se adaptan a las necesidades de cada empresa. Desde 2004, nuestra constante evoluci\u00f3n en dise\u00f1o, materiales, equipamientos y servicios ha hecho de RR Etiquetas Uruguay S.A. el l\u00edder del mercado en su rubro. Contamos con una unidad en Brasil, en la cual fabricamos y nos abastecemos de nuestra propia materia prima. Garantizamos de esta forma que su empresa reciba un abastecimiento constante.\u00bb font_container=\u00bbtag:h6|font_size:18px|text_align:left\u00bb use_theme_fonts=\u00bbyes\u00bb css_animation=\u00bbfadeIn\u00bb][\/vc_column_inner][vc_column_inner width=\u00bb1\/3&#8243; offset=\u00bbvc_col-lg-4 vc_col-md-6&#8243;][vc_custom_heading text=\u00bbDe ser necesario, podemos ofrecerle stock permanente con almacenaje en nuestro dep\u00f3sito y entregas en el d\u00eda. Damos seguridad y abastecimiento teniendo el control de nuestra propia materia prima.\u00bb font_container=\u00bbtag:h6|font_size:18px|text_align:left\u00bb use_theme_fonts=\u00bbyes\u00bb css_animation=\u00bbfadeIn\u00bb][\/vc_column_inner][\/vc_row_inner][\/vc_column][\/vc_row][vc_row full_width=\u00bbstretch_row_content_no_spaces\u00bb css=\u00bb.vc_custom_1590193634689{background: #f5f5f5 url(https:\/\/rretiquetas.com.uy\/sitio\/wp-content\/uploads\/2020\/01\/oange-bg1.jpg?id=7593) !important;}\u00bb top_section_title=\u00bb\u00bb bottom_section_title=\u00bb\u00bb][vc_column width=\u00bb1\/2&#8243; css=\u00bb.vc_custom_1538998872764{padding-top: 0px !important;}\u00bb offset=\u00bbvc_col-lg-6 vc_col-md-12&#8243;][vc_row_inner css=\u00bb.vc_custom_1588112881971{padding-top: 300px !important;padding-bottom: 220px !important;background-image: url(https:\/\/rretiquetas.com.uy\/sitio\/wp-content\/uploads\/2020\/04\/2280201.jpg?id=7932) !important;background-position: center !important;background-repeat: no-repeat !important;background-size: cover !important;}\u00bb][vc_column_inner css=\u00bb.vc_custom_1511789291663{padding-top: 0px !important;padding-bottom: 0px !important;}\u00bb][vc_empty_space height=\u00bb100px\u00bb][\/vc_column_inner][\/vc_row_inner][\/vc_column][vc_column width=\u00bb1\/2&#8243; offset=\u00bbvc_col-lg-6 vc_col-md-12&#8243;][vc_row_inner css=\u00bb.vc_custom_1541152678082{padding-top: 145px !important;}\u00bb el_class=\u00bbvc_hidden-sm vc_hidden-xs\u00bb][vc_column_inner width=\u00bb1\/4&#8243; offset=\u00bbvc_hidden-md vc_hidden-sm vc_hidden-xs\u00bb][\/vc_column_inner][vc_column_inner width=\u00bb1\/2&#8243; offset=\u00bbvc_col-lg-offset-0 vc_col-lg-6 vc_col-md-offset-1 vc_col-md-10 vc_col-sm-offset-1 vc_hidden-sm vc_hidden-xs\u00bb]<header class=\"kd-section-title col-lg-12 text-left solid-line sep-border-width-4 40px kd-animated fadeIn   vc_custom_1588129220854\" data-animation-delay=200><h2 class=\"separator_on\" style=\"color: #ffffff;\">Nuestro objetivo<\/h2><div class=\"kd-separator below_title\" style=\"width:40px;\"><div class=\"kd-separator-line\" style=\"border-color:#ffffff\"><\/div><\/div><h6 class=\"subtitle \" style=\"color: #ffffff;font-size: 18px;\">Darle a tu producto una identidad visual \u00fanica que enamore al cliente a primera vista. Queremos vestirle con la mejor etiqueta posible y que cumpla con todos los est\u00e1ndares de calidad y exigencias legales. Creemos que existe una etiqueta perfecta y trabajamos para que tu producto la tenga.<\/h6><\/header>[\/vc_column_inner][\/vc_row_inner][\/vc_column][\/vc_row][vc_row full_width=\u00bbstretch_row\u00bb parallax=\u00bbcontent-moving\u00bb css=\u00bb.vc_custom_1588112978055{padding-top: 100px !important;padding-bottom: 85px !important;background-image: url(https:\/\/rretiquetas.com.uy\/sitio\/wp-content\/uploads\/2020\/01\/grey-bg.jpg?id=7597) !important;}\u00bb][vc_column][vc_row_inner][vc_column_inner width=\u00bb1\/3&#8243; offset=\u00bbvc_col-lg-4 vc_col-md-12&#8243; css=\u00bb.vc_custom_1539607714286{padding-right: 50px !important;padding-left: 0px !important;}\u00bb]<header class=\"kd-section-title col-lg-12 text-left solid-line sep-border-width-4 40px kd-animated fadeIn  \" data-animation-delay=200><h2 class=\"separator_on\" >Nuestros valores<\/h2><div class=\"kd-separator below_title\" style=\"width:40px;\"><div class=\"kd-separator-line\" ><\/div><\/div><\/header>[\/vc_column_inner][vc_column_inner width=\u00bb1\/3&#8243; offset=\u00bbvc_col-lg-4 vc_col-md-6&#8243; el_id=\u00bbvalores\u00bb][vc_custom_heading text=\u00bb<strong>Eficiencia:<\/strong> satisfacer las necesidades de nuestros clientes, adelant\u00e1ndonos a sus necesidades y proporcion\u00e1ndoles un valor a\u00f1adido a trav\u00e9s de nuestros productos.<\/p>\n<p><strong>Humildad:<\/strong> Aprender de nuestros propios errores y tomar medidas correctivas.<\/p>\n<p><strong>Mejora continua:<\/strong> actitud que nos permite mantener el deseo y el compromiso por hacer mejor cada vez nuestro trabajo. Buscando los mecanismos para asegurar la preferencia del cliente y una mejor productividad en los procesos.\u00bb font_container=\u00bbtag:p|text_align:justify\u00bb use_theme_fonts=\u00bbyes\u00bb css_animation=\u00bbfadeIn\u00bb][\/vc_column_inner][vc_column_inner width=\u00bb1\/3&#8243; offset=\u00bbvc_col-lg-4 vc_col-md-6&#8243; el_id=\u00bbvalores\u00bb][vc_custom_heading text=\u00bb<strong>Responsabilidad:<\/strong> Con su personal, brindando estabilidad laboral, desarrollo y buen ambiente de trabajo. Con sus clientes, entregando en tiempo y forma un producto y\/o servicio de buena calidad. Con el medio ambiente, cumpliendo con las leyes determinadas para continuar con su preservaci\u00f3n.<\/p>\n<p><strong>Respeto:<\/strong> A los trabajadores, clientes, proveedores y a la sociedad.\u00bb font_container=\u00bbtag:p|text_align:left\u00bb use_theme_fonts=\u00bbyes\u00bb css_animation=\u00bbfadeIn\u00bb][\/vc_column_inner][\/vc_row_inner][\/vc_column][\/vc_row]<\/p>\n<\/div>","protected":false},"excerpt":{"rendered":"<p>[vc_row full_width=\u00bbstretch_row\u00bb css=\u00bb.vc_custom_1588128936527{padding-top: 260px !important;padding-bottom: 140px !important;background-image: url(https:\/\/rretiquetas.com.uy\/sitio\/wp-content\/uploads\/2020\/04\/3040314-155.jpg?id=8000) !important;background-position: center !important;background-repeat: no-repeat !important;background-size: cover !important;}\u00bb][vc_column][vc_row_inner][vc_column_inner][vc_empty_space height=\u00bb25px\u00bb][\/vc_column_inner][\/vc_row_inner][\/vc_column][\/vc_row][vc_row full_width=\u00bbstretch_row\u00bb parallax=\u00bbcontent-moving\u00bb css=\u00bb.vc_custom_1588129043909{padding-top: 100px [&hellip;]<\/p>\n","protected":false},"author":2,"featured_media":0,"parent":0,"menu_order":0,"comment_status":"closed","ping_status":"closed","template":"","meta":{"_monsterinsights_skip_tracking":false,"_monsterinsights_sitenote_active":false,"_monsterinsights_sitenote_note":"","_monsterinsights_sitenote_category":0,"footnotes":""},"class_list":["post-5724","page","type-page","status-publish","hentry"],"yoast_head":"<!-- This site is optimized with the Yoast SEO plugin v23.8 - https:\/\/yoast.com\/wordpress\/plugins\/seo\/ -->\n<title>Nuestra empresa - RR Etiquetas Uruguay - A Beontag Company<\/title>\n<meta name=\"robots\" content=\"index, follow, max-snippet:-1, max-image-preview:large, max-video-preview:-1\" \/>\n<link rel=\"canonical\" href=\"https:\/\/rretiquetas.com.uy\/sitio\/nuestra-empresa\/\" \/>\n<meta property=\"og:locale\" content=\"es_ES\" \/>\n<meta property=\"og:type\" content=\"article\" \/>\n<meta property=\"og:title\" content=\"Nuestra empresa - RR Etiquetas Uruguay - A Beontag Company\" \/>\n<meta property=\"og:description\" content=\"[vc_row full_width=\u00bbstretch_row\u00bb css=\u00bb.vc_custom_1588128936527{padding-top: 260px !important;padding-bottom: 140px !important;background-image: url(https:\/\/rretiquetas.com.uy\/sitio\/wp-content\/uploads\/2020\/04\/3040314-155.jpg?id=8000) !important;background-position: center !important;background-repeat: no-repeat !important;background-size: cover !important;}\u00bb][vc_column][vc_row_inner][vc_column_inner][vc_empty_space height=\u00bb25px\u00bb][\/vc_column_inner][\/vc_row_inner][\/vc_column][\/vc_row][vc_row full_width=\u00bbstretch_row\u00bb parallax=\u00bbcontent-moving\u00bb css=\u00bb.vc_custom_1588129043909{padding-top: 100px [&hellip;]\" \/>\n<meta property=\"og:url\" content=\"https:\/\/rretiquetas.com.uy\/sitio\/nuestra-empresa\/\" \/>\n<meta property=\"og:site_name\" content=\"RR Etiquetas Uruguay - A Beontag Company\" \/>\n<meta property=\"article:publisher\" content=\"https:\/\/www.facebook.com\/rretiquetasuy\/\" \/>\n<meta property=\"article:modified_time\" content=\"2020-05-23T00:27:18+00:00\" \/>\n<meta name=\"twitter:card\" content=\"summary_large_image\" \/>\n<meta name=\"twitter:label1\" content=\"Est. reading time\" \/>\n\t<meta name=\"twitter:data1\" content=\"5 minutos\" \/>\n<script type=\"application\/ld+json\" class=\"yoast-schema-graph\">{\"@context\":\"https:\/\/schema.org\",\"@graph\":[{\"@type\":\"WebPage\",\"@id\":\"https:\/\/rretiquetas.com.uy\/sitio\/nuestra-empresa\/\",\"url\":\"https:\/\/rretiquetas.com.uy\/sitio\/nuestra-empresa\/\",\"name\":\"Nuestra empresa - RR Etiquetas Uruguay - A Beontag Company\",\"isPartOf\":{\"@id\":\"https:\/\/rretiquetas.com.uy\/sitio\/#website\"},\"datePublished\":\"2018-10-22T13:45:37+00:00\",\"dateModified\":\"2020-05-23T00:27:18+00:00\",\"breadcrumb\":{\"@id\":\"https:\/\/rretiquetas.com.uy\/sitio\/nuestra-empresa\/#breadcrumb\"},\"inLanguage\":\"es-UY\",\"potentialAction\":[{\"@type\":\"ReadAction\",\"target\":[\"https:\/\/rretiquetas.com.uy\/sitio\/nuestra-empresa\/\"]}]},{\"@type\":\"BreadcrumbList\",\"@id\":\"https:\/\/rretiquetas.com.uy\/sitio\/nuestra-empresa\/#breadcrumb\",\"itemListElement\":[{\"@type\":\"ListItem\",\"position\":1,\"name\":\"Portada\",\"item\":\"https:\/\/rretiquetas.com.uy\/sitio\/\"},{\"@type\":\"ListItem\",\"position\":2,\"name\":\"Nuestra empresa\"}]},{\"@type\":\"WebSite\",\"@id\":\"https:\/\/rretiquetas.com.uy\/sitio\/#website\",\"url\":\"https:\/\/rretiquetas.com.uy\/sitio\/\",\"name\":\"RR Etiquetas Uruguay - A Beontag Company\",\"description\":\"\",\"publisher\":{\"@id\":\"https:\/\/rretiquetas.com.uy\/sitio\/#organization\"},\"potentialAction\":[{\"@type\":\"SearchAction\",\"target\":{\"@type\":\"EntryPoint\",\"urlTemplate\":\"https:\/\/rretiquetas.com.uy\/sitio\/?s={search_term_string}\"},\"query-input\":{\"@type\":\"PropertyValueSpecification\",\"valueRequired\":true,\"valueName\":\"search_term_string\"}}],\"inLanguage\":\"es-UY\"},{\"@type\":\"Organization\",\"@id\":\"https:\/\/rretiquetas.com.uy\/sitio\/#organization\",\"name\":\"RR Etiquetas Uruguay - A Beontag Company\",\"url\":\"https:\/\/rretiquetas.com.uy\/sitio\/\",\"logo\":{\"@type\":\"ImageObject\",\"inLanguage\":\"es-UY\",\"@id\":\"https:\/\/rretiquetas.com.uy\/sitio\/#\/schema\/logo\/image\/\",\"url\":\"https:\/\/rretiquetas.com.uy\/sitio\/wp-content\/uploads\/2022\/03\/Logo-RR-Etiquetas-A-Beontag-Company.png\",\"contentUrl\":\"https:\/\/rretiquetas.com.uy\/sitio\/wp-content\/uploads\/2022\/03\/Logo-RR-Etiquetas-A-Beontag-Company.png\",\"width\":230,\"height\":134,\"caption\":\"RR Etiquetas Uruguay - A Beontag Company\"},\"image\":{\"@id\":\"https:\/\/rretiquetas.com.uy\/sitio\/#\/schema\/logo\/image\/\"},\"sameAs\":[\"https:\/\/www.facebook.com\/rretiquetasuy\/\",\"https:\/\/www.instagram.com\/rretiquetasuy\/?hl=es\",\"https:\/\/uy.linkedin.com\/company\/rr-etiquetas-uruguay\"]}]}<\/script>\n<!-- \/ Yoast SEO plugin. -->","yoast_head_json":{"title":"Nuestra empresa - RR Etiquetas Uruguay - A Beontag Company","robots":{"index":"index","follow":"follow","max-snippet":"max-snippet:-1","max-image-preview":"max-image-preview:large","max-video-preview":"max-video-preview:-1"},"canonical":"https:\/\/rretiquetas.com.uy\/sitio\/nuestra-empresa\/","og_locale":"es_ES","og_type":"article","og_title":"Nuestra empresa - RR Etiquetas Uruguay - A Beontag Company","og_description":"[vc_row full_width=\u00bbstretch_row\u00bb css=\u00bb.vc_custom_1588128936527{padding-top: 260px !important;padding-bottom: 140px !important;background-image: url(https:\/\/rretiquetas.com.uy\/sitio\/wp-content\/uploads\/2020\/04\/3040314-155.jpg?id=8000) !important;background-position: center !important;background-repeat: no-repeat !important;background-size: cover !important;}\u00bb][vc_column][vc_row_inner][vc_column_inner][vc_empty_space height=\u00bb25px\u00bb][\/vc_column_inner][\/vc_row_inner][\/vc_column][\/vc_row][vc_row full_width=\u00bbstretch_row\u00bb parallax=\u00bbcontent-moving\u00bb css=\u00bb.vc_custom_1588129043909{padding-top: 100px [&hellip;]","og_url":"https:\/\/rretiquetas.com.uy\/sitio\/nuestra-empresa\/","og_site_name":"RR Etiquetas Uruguay - A Beontag Company","article_publisher":"https:\/\/www.facebook.com\/rretiquetasuy\/","article_modified_time":"2020-05-23T00:27:18+00:00","twitter_card":"summary_large_image","twitter_misc":{"Est. reading time":"5 minutos"},"schema":{"@context":"https:\/\/schema.org","@graph":[{"@type":"WebPage","@id":"https:\/\/rretiquetas.com.uy\/sitio\/nuestra-empresa\/","url":"https:\/\/rretiquetas.com.uy\/sitio\/nuestra-empresa\/","name":"Nuestra empresa - RR Etiquetas Uruguay - A Beontag Company","isPartOf":{"@id":"https:\/\/rretiquetas.com.uy\/sitio\/#website"},"datePublished":"2018-10-22T13:45:37+00:00","dateModified":"2020-05-23T00:27:18+00:00","breadcrumb":{"@id":"https:\/\/rretiquetas.com.uy\/sitio\/nuestra-empresa\/#breadcrumb"},"inLanguage":"es-UY","potentialAction":[{"@type":"ReadAction","target":["https:\/\/rretiquetas.com.uy\/sitio\/nuestra-empresa\/"]}]},{"@type":"BreadcrumbList","@id":"https:\/\/rretiquetas.com.uy\/sitio\/nuestra-empresa\/#breadcrumb","itemListElement":[{"@type":"ListItem","position":1,"name":"Portada","item":"https:\/\/rretiquetas.com.uy\/sitio\/"},{"@type":"ListItem","position":2,"name":"Nuestra empresa"}]},{"@type":"WebSite","@id":"https:\/\/rretiquetas.com.uy\/sitio\/#website","url":"https:\/\/rretiquetas.com.uy\/sitio\/","name":"RR Etiquetas Uruguay - A Beontag Company","description":"","publisher":{"@id":"https:\/\/rretiquetas.com.uy\/sitio\/#organization"},"potentialAction":[{"@type":"SearchAction","target":{"@type":"EntryPoint","urlTemplate":"https:\/\/rretiquetas.com.uy\/sitio\/?s={search_term_string}"},"query-input":{"@type":"PropertyValueSpecification","valueRequired":true,"valueName":"search_term_string"}}],"inLanguage":"es-UY"},{"@type":"Organization","@id":"https:\/\/rretiquetas.com.uy\/sitio\/#organization","name":"RR Etiquetas Uruguay - A Beontag Company","url":"https:\/\/rretiquetas.com.uy\/sitio\/","logo":{"@type":"ImageObject","inLanguage":"es-UY","@id":"https:\/\/rretiquetas.com.uy\/sitio\/#\/schema\/logo\/image\/","url":"https:\/\/rretiquetas.com.uy\/sitio\/wp-content\/uploads\/2022\/03\/Logo-RR-Etiquetas-A-Beontag-Company.png","contentUrl":"https:\/\/rretiquetas.com.uy\/sitio\/wp-content\/uploads\/2022\/03\/Logo-RR-Etiquetas-A-Beontag-Company.png","width":230,"height":134,"caption":"RR Etiquetas Uruguay - A Beontag Company"},"image":{"@id":"https:\/\/rretiquetas.com.uy\/sitio\/#\/schema\/logo\/image\/"},"sameAs":["https:\/\/www.facebook.com\/rretiquetasuy\/","https:\/\/www.instagram.com\/rretiquetasuy\/?hl=es","https:\/\/uy.linkedin.com\/company\/rr-etiquetas-uruguay"]}]}},"_links":{"self":[{"href":"https:\/\/rretiquetas.com.uy\/sitio\/wp-json\/wp\/v2\/pages\/5724"}],"collection":[{"href":"https:\/\/rretiquetas.com.uy\/sitio\/wp-json\/wp\/v2\/pages"}],"about":[{"href":"https:\/\/rretiquetas.com.uy\/sitio\/wp-json\/wp\/v2\/types\/page"}],"author":[{"embeddable":true,"href":"https:\/\/rretiquetas.com.uy\/sitio\/wp-json\/wp\/v2\/users\/2"}],"replies":[{"embeddable":true,"href":"https:\/\/rretiquetas.com.uy\/sitio\/wp-json\/wp\/v2\/comments?post=5724"}],"version-history":[{"count":90,"href":"https:\/\/rretiquetas.com.uy\/sitio\/wp-json\/wp\/v2\/pages\/5724\/revisions"}],"predecessor-version":[{"id":8179,"href":"https:\/\/rretiquetas.com.uy\/sitio\/wp-json\/wp\/v2\/pages\/5724\/revisions\/8179"}],"wp:attachment":[{"href":"https:\/\/rretiquetas.com.uy\/sitio\/wp-json\/wp\/v2\/media?parent=5724"}],"curies":[{"name":"wp","href":"https:\/\/api.w.org\/{rel}","templated":true}]}}