{"id":5730,"date":"2018-10-22T13:46:13","date_gmt":"2018-10-22T13:46:13","guid":{"rendered":"https:\/\/www.ekko-wp.com\/?page_id=5730"},"modified":"2020-07-07T20:43:46","modified_gmt":"2020-07-07T20:43:46","slug":"productos-y-servicios","status":"publish","type":"page","link":"https:\/\/rretiquetas.com.uy\/sitio\/productos-y-servicios\/","title":{"rendered":"Servicios"},"content":{"rendered":"<div class=\"wpb-content-wrapper\"><p>[vc_row css=\u00bb.vc_custom_1588132468896{margin-bottom: 60px !important;}\u00bb][vc_column]<div class=\"feature-sections-wrapper \">\r\n            <section class=\"feature-sections-tabs with-sticky-topbar \">\r\n              <nav class=\"kd-feature-tabs\">\r\n                <ul class=\"nav nav-tabs sticky-tabs container\">\r\n                <\/ul>\r\n              <\/nav>\r\n            <\/section>\r\n            <section id=\"kd-fss-69d03d8104485\" class=\"featured-right \"><li class=\"nav-label\"><a class=\"feature-tabs-scroll\" href=\"#kd-fss-69d03d8104485\">Impresi\u00f3n<\/a><\/li><div class=\"container\">\r\n                <div class=\"side-content-wrapper \" ><h2 class=\"side-content-title\" >Impresi\u00f3n<\/h2><div class=\"side-content-text\" ><strong>Flexo<br \/>\n<\/strong><strong><br \/>\n<\/strong>La impresi\u00f3n flexogr\u00e1fica es un m\u00e9todo que utiliza planchas de impresi\u00f3n de fotopol\u00edmero que contienen una imagen en relieve de la impresi\u00f3n requerida. La impresi\u00f3n requiere de un fotopol\u00edmero por cada color a utilizar seg\u00fan el dise\u00f1o.<br \/>\n&#8211; Tirajes largos<br \/>\n&#8211; Costos reducidos<br \/>\n&#8211; Imprimir en rollo<br \/>\n&#8211; Terminaciones especiales<br \/>\n&#8211; 7 tintas<\/p>\n<p>&nbsp;<\/p>\n<p><strong>Impresi\u00f3n Digital<\/strong><\/p>\n<p>Revoluciona la forma de imprimir etiquetas de dise\u00f1o y potencia las ventas de su producto. Los beneficios potenciales:<br \/>\n&#8211; Registro perfecto.<br \/>\n&#8211; Entrega en rollos para etiquetadoras autom\u00e1ticas.<br \/>\n&#8211; Tiradas cortas.<br \/>\n&#8211; No hay costos de Clises (Pol\u00edmeros).<br \/>\n&#8211; Datos variables.<br \/>\n&#8211; Cualquier cantidad de dise\u00f1os en un solo tiraje.<br \/>\n&#8211; M\u00e1xima calidad de impresi\u00f3n.<\/p>\n<p>&nbsp;<\/p>\n<p><strong>TLP<\/strong><\/p>\n<p>Posibilidad de impresi\u00f3n variable de una etiqueta completa o sobre una etiqueta gen\u00e9rica.<br \/>\n&#8211; Fecha de vencimiento<br \/>\n&#8211; Tablas nutricionales<br \/>\n&#8211; C\u00f3digos de barras<br \/>\n&#8211; Numeraci\u00f3n<br \/>\n&#8211; Base de datos<\/div><\/div><script type=\"text\/javascript\">\r\n      jQuery(document).ready(function($){\r\n        if ($(\".kd-featured-gallery-69d03d8104f91 .featured-gallery\").length) {\r\n          $(\".kd-featured-gallery-69d03d8104f91 .featured-gallery\").owlCarousel({\r\n            stageClass: \"owl-wrapper\",\r\n            stageOuterClass: \"owl-wrapper-outer\",\r\n            loadedClass: \"owl-carousel\",\r\n            items: 1,\r\n            rewind: true,\r\n            dots: true,\r\n            nav: false,\r\n            dotsSpeed: 500,\r\n            addClassActive: true,\r\n          });\r\n        }\r\n      });\r\n    <\/script><div class=\"side-featured-wrapper kd-featured-gallery-69d03d8104f91\" >\r\n      <div class=\"featured-gallery\"><img loading=\"lazy\" decoding=\"async\" width=\"2560\" height=\"1920\" src=\"https:\/\/rretiquetas.com.uy\/sitio\/wp-content\/uploads\/2020\/04\/Metalizado-2-scaled.jpg\" class=\"attachment-full\" alt=\"\" title=\"Metalizado (2)\" srcset=\"https:\/\/rretiquetas.com.uy\/sitio\/wp-content\/uploads\/2020\/04\/Metalizado-2-scaled.jpg 2560w, https:\/\/rretiquetas.com.uy\/sitio\/wp-content\/uploads\/2020\/04\/Metalizado-2-300x225.jpg 300w, https:\/\/rretiquetas.com.uy\/sitio\/wp-content\/uploads\/2020\/04\/Metalizado-2-1024x768.jpg 1024w, https:\/\/rretiquetas.com.uy\/sitio\/wp-content\/uploads\/2020\/04\/Metalizado-2-768x576.jpg 768w, https:\/\/rretiquetas.com.uy\/sitio\/wp-content\/uploads\/2020\/04\/Metalizado-2-1536x1152.jpg 1536w, https:\/\/rretiquetas.com.uy\/sitio\/wp-content\/uploads\/2020\/04\/Metalizado-2-2048x1536.jpg 2048w\" sizes=\"(max-width: 2560px) 100vw, 2560px\" \/><img loading=\"lazy\" decoding=\"async\" width=\"1166\" height=\"950\" src=\"https:\/\/rretiquetas.com.uy\/sitio\/wp-content\/uploads\/2020\/07\/Digital.jpg\" class=\"attachment-full\" alt=\"\" title=\"Digital\" srcset=\"https:\/\/rretiquetas.com.uy\/sitio\/wp-content\/uploads\/2020\/07\/Digital.jpg 1166w, https:\/\/rretiquetas.com.uy\/sitio\/wp-content\/uploads\/2020\/07\/Digital-300x244.jpg 300w, https:\/\/rretiquetas.com.uy\/sitio\/wp-content\/uploads\/2020\/07\/Digital-1024x834.jpg 1024w, https:\/\/rretiquetas.com.uy\/sitio\/wp-content\/uploads\/2020\/07\/Digital-768x626.jpg 768w\" sizes=\"(max-width: 1166px) 100vw, 1166px\" \/><img loading=\"lazy\" decoding=\"async\" width=\"1200\" height=\"1200\" src=\"https:\/\/rretiquetas.com.uy\/sitio\/wp-content\/uploads\/2020\/07\/Quimico2.jpg\" class=\"attachment-full\" alt=\"\" title=\"Quimico2\" srcset=\"https:\/\/rretiquetas.com.uy\/sitio\/wp-content\/uploads\/2020\/07\/Quimico2.jpg 1200w, https:\/\/rretiquetas.com.uy\/sitio\/wp-content\/uploads\/2020\/07\/Quimico2-300x300.jpg 300w, https:\/\/rretiquetas.com.uy\/sitio\/wp-content\/uploads\/2020\/07\/Quimico2-1024x1024.jpg 1024w, https:\/\/rretiquetas.com.uy\/sitio\/wp-content\/uploads\/2020\/07\/Quimico2-150x150.jpg 150w, https:\/\/rretiquetas.com.uy\/sitio\/wp-content\/uploads\/2020\/07\/Quimico2-768x768.jpg 768w, https:\/\/rretiquetas.com.uy\/sitio\/wp-content\/uploads\/2020\/07\/Quimico2-320x320.jpg 320w\" sizes=\"(max-width: 1200px) 100vw, 1200px\" \/><\/div>\r\n    <\/div><\/div>\r\n            <\/section><section id=\"kd-fss-69d03d8104fcf\" class=\"featured-left \"><li class=\"nav-label\"><a class=\"feature-tabs-scroll\" href=\"#kd-fss-69d03d8104fcf\">Impresoras y Ribbons<\/a><\/li><div class=\"container\">\r\n                <div class=\"side-content-wrapper \" ><h2 class=\"side-content-title\" >Impresoras y Ribbons<\/h2><h6 class=\"side-content-subtitle\" >Comercializamos impresoras de etiquetas con cintas de transferencia t\u00e9rmica Honeywell para que puedas desarrollar un mini centro de impresi\u00f3n en tu empresa, lo que te permitir\u00e1 cargar todos los datos variables que necesites. C\u00f3digos de barra, tabla nutricional, fecha de envasado y vencimiento, lote, ingredientes,<br \/>\nnombre del producto, c\u00f3digos QR y mucho m\u00e1s.<\/h6><\/div><script type=\"text\/javascript\">\r\n      jQuery(document).ready(function($){\r\n        if ($(\".kd-featured-gallery-69d03d81052f9 .featured-gallery\").length) {\r\n          $(\".kd-featured-gallery-69d03d81052f9 .featured-gallery\").owlCarousel({\r\n            stageClass: \"owl-wrapper\",\r\n            stageOuterClass: \"owl-wrapper-outer\",\r\n            loadedClass: \"owl-carousel\",\r\n            items: 1,\r\n            rewind: true,\r\n            dots: true,\r\n            nav: false,\r\n            dotsSpeed: 500,\r\n            addClassActive: true,\r\n          });\r\n        }\r\n      });\r\n    <\/script><div class=\"side-featured-wrapper kd-featured-gallery-69d03d81052f9\" >\r\n      <div class=\"featured-gallery\"><img loading=\"lazy\" decoding=\"async\" width=\"2048\" height=\"1536\" src=\"https:\/\/rretiquetas.com.uy\/sitio\/wp-content\/uploads\/2020\/04\/2280251.jpg\" class=\"attachment-full\" alt=\"\" title=\"_2280251\" srcset=\"https:\/\/rretiquetas.com.uy\/sitio\/wp-content\/uploads\/2020\/04\/2280251.jpg 2048w, https:\/\/rretiquetas.com.uy\/sitio\/wp-content\/uploads\/2020\/04\/2280251-300x225.jpg 300w, https:\/\/rretiquetas.com.uy\/sitio\/wp-content\/uploads\/2020\/04\/2280251-1024x768.jpg 1024w, https:\/\/rretiquetas.com.uy\/sitio\/wp-content\/uploads\/2020\/04\/2280251-768x576.jpg 768w, https:\/\/rretiquetas.com.uy\/sitio\/wp-content\/uploads\/2020\/04\/2280251-1536x1152.jpg 1536w\" sizes=\"(max-width: 2048px) 100vw, 2048px\" \/><\/div>\r\n    <\/div><\/div>\r\n            <\/section><section id=\"kd-fss-69d03d810530f\" class=\"featured-right \"><li class=\"nav-label\"><a class=\"feature-tabs-scroll\" href=\"#kd-fss-69d03d810530f\">Etiquetado<\/a><\/li><div class=\"container\">\r\n                <div class=\"side-content-wrapper \" ><h2 class=\"side-content-title\" >Etiquetado<\/h2><div class=\"side-content-text\" ><strong>Etiquetado Autom\u00e1tico<br \/>\n<\/strong><strong><br \/>\n<\/strong>Suministramos equipos de etiquetado autom\u00e1tico de<br \/>\nultima generaci\u00f3n.<br \/>\nFabricaci\u00f3n y respaldo local.<\/div><\/div><script type=\"text\/javascript\">\r\n      jQuery(document).ready(function($){\r\n        if ($(\".kd-featured-gallery-69d03d810553d .featured-gallery\").length) {\r\n          $(\".kd-featured-gallery-69d03d810553d .featured-gallery\").owlCarousel({\r\n            stageClass: \"owl-wrapper\",\r\n            stageOuterClass: \"owl-wrapper-outer\",\r\n            loadedClass: \"owl-carousel\",\r\n            items: 1,\r\n            rewind: true,\r\n            dots: true,\r\n            nav: false,\r\n            dotsSpeed: 500,\r\n            addClassActive: true,\r\n          });\r\n        }\r\n      });\r\n    <\/script><div class=\"side-featured-wrapper kd-featured-gallery-69d03d810553d\" >\r\n      <div class=\"featured-gallery\"><img loading=\"lazy\" decoding=\"async\" width=\"1800\" height=\"1350\" src=\"https:\/\/rretiquetas.com.uy\/sitio\/wp-content\/uploads\/2020\/04\/TLP3.jpg\" class=\"attachment-full\" alt=\"\" title=\"TLP3\" srcset=\"https:\/\/rretiquetas.com.uy\/sitio\/wp-content\/uploads\/2020\/04\/TLP3.jpg 1800w, https:\/\/rretiquetas.com.uy\/sitio\/wp-content\/uploads\/2020\/04\/TLP3-300x225.jpg 300w, https:\/\/rretiquetas.com.uy\/sitio\/wp-content\/uploads\/2020\/04\/TLP3-1024x768.jpg 1024w, https:\/\/rretiquetas.com.uy\/sitio\/wp-content\/uploads\/2020\/04\/TLP3-768x576.jpg 768w, https:\/\/rretiquetas.com.uy\/sitio\/wp-content\/uploads\/2020\/04\/TLP3-1536x1152.jpg 1536w\" sizes=\"(max-width: 1800px) 100vw, 1800px\" \/><\/div>\r\n    <\/div><\/div>\r\n            <\/section><section id=\"kd-fss-69d03d8105559\" class=\"featured-left \"><li class=\"nav-label\"><a class=\"feature-tabs-scroll\" href=\"#kd-fss-69d03d8105559\">Dise\u00f1o<\/a><\/li><div class=\"container\">\r\n                <div class=\"side-content-wrapper \" ><h2 class=\"side-content-title\" >Asesoramiento en dise\u00f1o<\/h2><h6 class=\"side-content-subtitle\" >Nuestro equipo de dise\u00f1adores est\u00e1 preparado para desarrollar tus ideas y aportar la experiencia para que tu etiqueta sea la indicada para tu producto.<\/h6><\/div><script type=\"text\/javascript\">\r\n      jQuery(document).ready(function($){\r\n        if ($(\".kd-featured-gallery-69d03d81059b6 .featured-gallery\").length) {\r\n          $(\".kd-featured-gallery-69d03d81059b6 .featured-gallery\").owlCarousel({\r\n            stageClass: \"owl-wrapper\",\r\n            stageOuterClass: \"owl-wrapper-outer\",\r\n            loadedClass: \"owl-carousel\",\r\n            items: 1,\r\n            rewind: true,\r\n            dots: true,\r\n            nav: false,\r\n            dotsSpeed: 500,\r\n            addClassActive: true,\r\n          });\r\n        }\r\n      });\r\n    <\/script><div class=\"side-featured-wrapper kd-featured-gallery-69d03d81059b6\" >\r\n      <div class=\"featured-gallery\"><img loading=\"lazy\" decoding=\"async\" width=\"2560\" height=\"1707\" src=\"https:\/\/rretiquetas.com.uy\/sitio\/wp-content\/uploads\/2020\/04\/studio-republic-fotKKqWNMQ4-unsplash-scaled.jpg\" class=\"attachment-full\" alt=\"\" title=\"studio-republic-fotKKqWNMQ4-unsplash\" srcset=\"https:\/\/rretiquetas.com.uy\/sitio\/wp-content\/uploads\/2020\/04\/studio-republic-fotKKqWNMQ4-unsplash-scaled.jpg 2560w, https:\/\/rretiquetas.com.uy\/sitio\/wp-content\/uploads\/2020\/04\/studio-republic-fotKKqWNMQ4-unsplash-300x200.jpg 300w, https:\/\/rretiquetas.com.uy\/sitio\/wp-content\/uploads\/2020\/04\/studio-republic-fotKKqWNMQ4-unsplash-1024x683.jpg 1024w, https:\/\/rretiquetas.com.uy\/sitio\/wp-content\/uploads\/2020\/04\/studio-republic-fotKKqWNMQ4-unsplash-768x512.jpg 768w, https:\/\/rretiquetas.com.uy\/sitio\/wp-content\/uploads\/2020\/04\/studio-republic-fotKKqWNMQ4-unsplash-1536x1024.jpg 1536w, https:\/\/rretiquetas.com.uy\/sitio\/wp-content\/uploads\/2020\/04\/studio-republic-fotKKqWNMQ4-unsplash-2048x1365.jpg 2048w\" sizes=\"(max-width: 2560px) 100vw, 2560px\" \/><img loading=\"lazy\" decoding=\"async\" width=\"2560\" height=\"1707\" src=\"https:\/\/rretiquetas.com.uy\/sitio\/wp-content\/uploads\/2020\/04\/theme-photos-CGpifH3FjOA-unsplash-scaled.jpg\" class=\"attachment-full\" alt=\"\" title=\"theme-photos-CGpifH3FjOA-unsplash\" srcset=\"https:\/\/rretiquetas.com.uy\/sitio\/wp-content\/uploads\/2020\/04\/theme-photos-CGpifH3FjOA-unsplash-scaled.jpg 2560w, https:\/\/rretiquetas.com.uy\/sitio\/wp-content\/uploads\/2020\/04\/theme-photos-CGpifH3FjOA-unsplash-300x200.jpg 300w, https:\/\/rretiquetas.com.uy\/sitio\/wp-content\/uploads\/2020\/04\/theme-photos-CGpifH3FjOA-unsplash-1024x683.jpg 1024w, https:\/\/rretiquetas.com.uy\/sitio\/wp-content\/uploads\/2020\/04\/theme-photos-CGpifH3FjOA-unsplash-768x512.jpg 768w, https:\/\/rretiquetas.com.uy\/sitio\/wp-content\/uploads\/2020\/04\/theme-photos-CGpifH3FjOA-unsplash-1536x1024.jpg 1536w, https:\/\/rretiquetas.com.uy\/sitio\/wp-content\/uploads\/2020\/04\/theme-photos-CGpifH3FjOA-unsplash-2048x1365.jpg 2048w\" sizes=\"(max-width: 2560px) 100vw, 2560px\" \/><\/div>\r\n    <\/div><\/div>\r\n            <\/section><section id=\"kd-fss-69d03d81059d5\" class=\"featured-right \"><li class=\"nav-label\"><a class=\"feature-tabs-scroll\" href=\"#kd-fss-69d03d81059d5\">Asesoramiento<\/a><\/li><div class=\"container\">\r\n                <div class=\"side-content-wrapper \" ><h2 class=\"side-content-title\" >Asesoramiento legal y t\u00e9cnico<\/h2><h6 class=\"side-content-subtitle\" >Contamos con Profesionales que te asistir\u00e1n en todo el proceso de lanzamiento de un nuevo producto:<\/h6><div class=\"side-content-text\" ><\/p>\n<h4>Direcci\u00f3n T\u00e9cnica de empresas alimentarias:<\/h4>\n<ul>\n<li>Habilitaci\u00f3n de empresas<\/li>\n<li>Registro de productos<\/li>\n<li>Rotulado frontal<\/li>\n<li>Rotulado nutricional<\/li>\n<\/ul>\n<p>&nbsp;<\/p>\n<h4>Asesoramientos:<\/h4>\n<ul>\n<li>Dise\u00f1o y desarrollo de Plantas y Procesos industriales<\/li>\n<li>Dise\u00f1o y desarrollo de alimentos<\/li>\n<li>Mejora de costos de formulaci\u00f3n<\/li>\n<li>Armado de documentaci\u00f3n para la Gesti\u00f3n de Calidad<\/li>\n<li>Evaluaci\u00f3n sensorial de alimentos<\/li>\n<li>Capacitaci\u00f3n de personal<\/li>\n<\/ul>\n<p><\/div><\/div><div class=\"side-featured-wrapper fss-rectangle\" >\r\n      <div class=\"featured-image\"><img loading=\"lazy\" decoding=\"async\" width=\"2048\" height=\"1536\" src=\"https:\/\/rretiquetas.com.uy\/sitio\/wp-content\/uploads\/2020\/03\/2280270.jpg\" class=\"attachment-full\" alt=\"\" title=\"_2280270\" srcset=\"https:\/\/rretiquetas.com.uy\/sitio\/wp-content\/uploads\/2020\/03\/2280270.jpg 2048w, https:\/\/rretiquetas.com.uy\/sitio\/wp-content\/uploads\/2020\/03\/2280270-300x225.jpg 300w, https:\/\/rretiquetas.com.uy\/sitio\/wp-content\/uploads\/2020\/03\/2280270-1024x768.jpg 1024w, https:\/\/rretiquetas.com.uy\/sitio\/wp-content\/uploads\/2020\/03\/2280270-768x576.jpg 768w, https:\/\/rretiquetas.com.uy\/sitio\/wp-content\/uploads\/2020\/03\/2280270-1536x1152.jpg 1536w\" sizes=\"(max-width: 2048px) 100vw, 2048px\" \/><\/div>\r\n    <\/div><\/div>\r\n            <\/section>\r\n            <\/div>[\/vc_column][\/vc_row]<\/p>\n<\/div>","protected":false},"excerpt":{"rendered":"<p>[vc_row css=\u00bb.vc_custom_1588132468896{margin-bottom: 60px !important;}\u00bb][vc_column][\/vc_column][\/vc_row]<\/p>\n","protected":false},"author":2,"featured_media":0,"parent":0,"menu_order":0,"comment_status":"closed","ping_status":"closed","template":"","meta":{"_monsterinsights_skip_tracking":false,"_monsterinsights_sitenote_active":false,"_monsterinsights_sitenote_note":"","_monsterinsights_sitenote_category":0,"footnotes":""},"class_list":["post-5730","page","type-page","status-publish","hentry"],"yoast_head":"<!-- This site is optimized with the Yoast SEO plugin v23.8 - https:\/\/yoast.com\/wordpress\/plugins\/seo\/ -->\n<title>Servicios - RR Etiquetas Uruguay - A Beontag Company<\/title>\n<meta name=\"robots\" content=\"index, follow, max-snippet:-1, max-image-preview:large, max-video-preview:-1\" \/>\n<link rel=\"canonical\" href=\"https:\/\/rretiquetas.com.uy\/sitio\/productos-y-servicios\/\" \/>\n<meta property=\"og:locale\" content=\"es_ES\" \/>\n<meta property=\"og:type\" content=\"article\" \/>\n<meta property=\"og:title\" content=\"Servicios - RR Etiquetas Uruguay - A Beontag Company\" \/>\n<meta property=\"og:description\" content=\"[vc_row css=\u00bb.vc_custom_1588132468896{margin-bottom: 60px !important;}\u00bb][vc_column][\/vc_column][\/vc_row]\" \/>\n<meta property=\"og:url\" content=\"https:\/\/rretiquetas.com.uy\/sitio\/productos-y-servicios\/\" \/>\n<meta property=\"og:site_name\" content=\"RR Etiquetas Uruguay - A Beontag Company\" \/>\n<meta property=\"article:publisher\" content=\"https:\/\/www.facebook.com\/rretiquetasuy\/\" \/>\n<meta property=\"article:modified_time\" content=\"2020-07-07T20:43:46+00:00\" \/>\n<meta name=\"twitter:card\" content=\"summary_large_image\" \/>\n<meta name=\"twitter:label1\" content=\"Est. reading time\" \/>\n\t<meta name=\"twitter:data1\" content=\"4 minutos\" \/>\n<script type=\"application\/ld+json\" class=\"yoast-schema-graph\">{\"@context\":\"https:\/\/schema.org\",\"@graph\":[{\"@type\":\"WebPage\",\"@id\":\"https:\/\/rretiquetas.com.uy\/sitio\/productos-y-servicios\/\",\"url\":\"https:\/\/rretiquetas.com.uy\/sitio\/productos-y-servicios\/\",\"name\":\"Servicios - RR Etiquetas Uruguay - A Beontag Company\",\"isPartOf\":{\"@id\":\"https:\/\/rretiquetas.com.uy\/sitio\/#website\"},\"datePublished\":\"2018-10-22T13:46:13+00:00\",\"dateModified\":\"2020-07-07T20:43:46+00:00\",\"breadcrumb\":{\"@id\":\"https:\/\/rretiquetas.com.uy\/sitio\/productos-y-servicios\/#breadcrumb\"},\"inLanguage\":\"es-UY\",\"potentialAction\":[{\"@type\":\"ReadAction\",\"target\":[\"https:\/\/rretiquetas.com.uy\/sitio\/productos-y-servicios\/\"]}]},{\"@type\":\"BreadcrumbList\",\"@id\":\"https:\/\/rretiquetas.com.uy\/sitio\/productos-y-servicios\/#breadcrumb\",\"itemListElement\":[{\"@type\":\"ListItem\",\"position\":1,\"name\":\"Portada\",\"item\":\"https:\/\/rretiquetas.com.uy\/sitio\/\"},{\"@type\":\"ListItem\",\"position\":2,\"name\":\"Servicios\"}]},{\"@type\":\"WebSite\",\"@id\":\"https:\/\/rretiquetas.com.uy\/sitio\/#website\",\"url\":\"https:\/\/rretiquetas.com.uy\/sitio\/\",\"name\":\"RR Etiquetas Uruguay - A Beontag Company\",\"description\":\"\",\"publisher\":{\"@id\":\"https:\/\/rretiquetas.com.uy\/sitio\/#organization\"},\"potentialAction\":[{\"@type\":\"SearchAction\",\"target\":{\"@type\":\"EntryPoint\",\"urlTemplate\":\"https:\/\/rretiquetas.com.uy\/sitio\/?s={search_term_string}\"},\"query-input\":{\"@type\":\"PropertyValueSpecification\",\"valueRequired\":true,\"valueName\":\"search_term_string\"}}],\"inLanguage\":\"es-UY\"},{\"@type\":\"Organization\",\"@id\":\"https:\/\/rretiquetas.com.uy\/sitio\/#organization\",\"name\":\"RR Etiquetas Uruguay - A Beontag Company\",\"url\":\"https:\/\/rretiquetas.com.uy\/sitio\/\",\"logo\":{\"@type\":\"ImageObject\",\"inLanguage\":\"es-UY\",\"@id\":\"https:\/\/rretiquetas.com.uy\/sitio\/#\/schema\/logo\/image\/\",\"url\":\"https:\/\/rretiquetas.com.uy\/sitio\/wp-content\/uploads\/2022\/03\/Logo-RR-Etiquetas-A-Beontag-Company.png\",\"contentUrl\":\"https:\/\/rretiquetas.com.uy\/sitio\/wp-content\/uploads\/2022\/03\/Logo-RR-Etiquetas-A-Beontag-Company.png\",\"width\":230,\"height\":134,\"caption\":\"RR Etiquetas Uruguay - A Beontag Company\"},\"image\":{\"@id\":\"https:\/\/rretiquetas.com.uy\/sitio\/#\/schema\/logo\/image\/\"},\"sameAs\":[\"https:\/\/www.facebook.com\/rretiquetasuy\/\",\"https:\/\/www.instagram.com\/rretiquetasuy\/?hl=es\",\"https:\/\/uy.linkedin.com\/company\/rr-etiquetas-uruguay\"]}]}<\/script>\n<!-- \/ Yoast SEO plugin. -->","yoast_head_json":{"title":"Servicios - RR Etiquetas Uruguay - A Beontag Company","robots":{"index":"index","follow":"follow","max-snippet":"max-snippet:-1","max-image-preview":"max-image-preview:large","max-video-preview":"max-video-preview:-1"},"canonical":"https:\/\/rretiquetas.com.uy\/sitio\/productos-y-servicios\/","og_locale":"es_ES","og_type":"article","og_title":"Servicios - RR Etiquetas Uruguay - A Beontag Company","og_description":"[vc_row css=\u00bb.vc_custom_1588132468896{margin-bottom: 60px !important;}\u00bb][vc_column][\/vc_column][\/vc_row]","og_url":"https:\/\/rretiquetas.com.uy\/sitio\/productos-y-servicios\/","og_site_name":"RR Etiquetas Uruguay - A Beontag Company","article_publisher":"https:\/\/www.facebook.com\/rretiquetasuy\/","article_modified_time":"2020-07-07T20:43:46+00:00","twitter_card":"summary_large_image","twitter_misc":{"Est. reading time":"4 minutos"},"schema":{"@context":"https:\/\/schema.org","@graph":[{"@type":"WebPage","@id":"https:\/\/rretiquetas.com.uy\/sitio\/productos-y-servicios\/","url":"https:\/\/rretiquetas.com.uy\/sitio\/productos-y-servicios\/","name":"Servicios - RR Etiquetas Uruguay - A Beontag Company","isPartOf":{"@id":"https:\/\/rretiquetas.com.uy\/sitio\/#website"},"datePublished":"2018-10-22T13:46:13+00:00","dateModified":"2020-07-07T20:43:46+00:00","breadcrumb":{"@id":"https:\/\/rretiquetas.com.uy\/sitio\/productos-y-servicios\/#breadcrumb"},"inLanguage":"es-UY","potentialAction":[{"@type":"ReadAction","target":["https:\/\/rretiquetas.com.uy\/sitio\/productos-y-servicios\/"]}]},{"@type":"BreadcrumbList","@id":"https:\/\/rretiquetas.com.uy\/sitio\/productos-y-servicios\/#breadcrumb","itemListElement":[{"@type":"ListItem","position":1,"name":"Portada","item":"https:\/\/rretiquetas.com.uy\/sitio\/"},{"@type":"ListItem","position":2,"name":"Servicios"}]},{"@type":"WebSite","@id":"https:\/\/rretiquetas.com.uy\/sitio\/#website","url":"https:\/\/rretiquetas.com.uy\/sitio\/","name":"RR Etiquetas Uruguay - A Beontag Company","description":"","publisher":{"@id":"https:\/\/rretiquetas.com.uy\/sitio\/#organization"},"potentialAction":[{"@type":"SearchAction","target":{"@type":"EntryPoint","urlTemplate":"https:\/\/rretiquetas.com.uy\/sitio\/?s={search_term_string}"},"query-input":{"@type":"PropertyValueSpecification","valueRequired":true,"valueName":"search_term_string"}}],"inLanguage":"es-UY"},{"@type":"Organization","@id":"https:\/\/rretiquetas.com.uy\/sitio\/#organization","name":"RR Etiquetas Uruguay - A Beontag Company","url":"https:\/\/rretiquetas.com.uy\/sitio\/","logo":{"@type":"ImageObject","inLanguage":"es-UY","@id":"https:\/\/rretiquetas.com.uy\/sitio\/#\/schema\/logo\/image\/","url":"https:\/\/rretiquetas.com.uy\/sitio\/wp-content\/uploads\/2022\/03\/Logo-RR-Etiquetas-A-Beontag-Company.png","contentUrl":"https:\/\/rretiquetas.com.uy\/sitio\/wp-content\/uploads\/2022\/03\/Logo-RR-Etiquetas-A-Beontag-Company.png","width":230,"height":134,"caption":"RR Etiquetas Uruguay - A Beontag Company"},"image":{"@id":"https:\/\/rretiquetas.com.uy\/sitio\/#\/schema\/logo\/image\/"},"sameAs":["https:\/\/www.facebook.com\/rretiquetasuy\/","https:\/\/www.instagram.com\/rretiquetasuy\/?hl=es","https:\/\/uy.linkedin.com\/company\/rr-etiquetas-uruguay"]}]}},"_links":{"self":[{"href":"https:\/\/rretiquetas.com.uy\/sitio\/wp-json\/wp\/v2\/pages\/5730"}],"collection":[{"href":"https:\/\/rretiquetas.com.uy\/sitio\/wp-json\/wp\/v2\/pages"}],"about":[{"href":"https:\/\/rretiquetas.com.uy\/sitio\/wp-json\/wp\/v2\/types\/page"}],"author":[{"embeddable":true,"href":"https:\/\/rretiquetas.com.uy\/sitio\/wp-json\/wp\/v2\/users\/2"}],"replies":[{"embeddable":true,"href":"https:\/\/rretiquetas.com.uy\/sitio\/wp-json\/wp\/v2\/comments?post=5730"}],"version-history":[{"count":108,"href":"https:\/\/rretiquetas.com.uy\/sitio\/wp-json\/wp\/v2\/pages\/5730\/revisions"}],"predecessor-version":[{"id":8304,"href":"https:\/\/rretiquetas.com.uy\/sitio\/wp-json\/wp\/v2\/pages\/5730\/revisions\/8304"}],"wp:attachment":[{"href":"https:\/\/rretiquetas.com.uy\/sitio\/wp-json\/wp\/v2\/media?parent=5730"}],"curies":[{"name":"wp","href":"https:\/\/api.w.org\/{rel}","templated":true}]}}