{"id":7421,"date":"2019-04-24T12:52:16","date_gmt":"2019-04-24T12:52:16","guid":{"rendered":"https:\/\/www.ekko-wp.com\/demo-content\/?page_id=7421"},"modified":"2022-09-29T07:48:37","modified_gmt":"2022-09-29T10:48:37","slug":"inicio","status":"publish","type":"page","link":"https:\/\/rretiquetas.com.uy\/sitio\/","title":{"rendered":"Inicio"},"content":{"rendered":"<div class=\"wpb-content-wrapper\"><p>[vc_row el_class=\u00bbunder-menu-topbar\u00bb][vc_column][rev_slider_vc alias=\u00bbcorporate-slider-1&#8243;][\/vc_column][\/vc_row][vc_row full_width=\u00bbstretch_row\u00bb css=\u00bb.vc_custom_1625147547808{padding-top: 130px !important;background: #ed7314 url(https:\/\/rretiquetas.com.uy\/sitio\/wp-content\/uploads\/2020\/01\/oange-bg1.jpg?id=7593) !important;}\u00bb][vc_column css=\u00bb.vc_custom_1516008777154{padding-right: 0px !important;padding-left: 0px !important;}\u00bb][vc_row_inner][vc_column_inner]<header class=\"kd-section-title vc_col-lg-6 vc_col-sm-8 text-left  kd-animated fadeIn   vc_custom_1588126258177\" data-animation-delay=200><h2 class=\"separator_off\" style=\"color: #ffffff;font-size: 60;\">Nuestras etiquetas<\/h2><\/header>[\/vc_column_inner][\/vc_row_inner][vc_row_inner css=\u00bb.vc_custom_1550594307550{padding-bottom: 60px !important;}\u00bb][vc_column_inner width=\u00bb1\/4&#8243;]<div class=\"key-icon-box icon-default  cont-left ib-hover-2 kd-animated fadeInUp\" style=\"background-color: #ffffff;\" ><a href=\"#\" target=\"\"><div class=\"ib-wrapper\"><h5 class=\"service-heading\" >Etiquetas en polipropileno autoadhesivas de alta duraci\u00f3n<\/h5><p >Ideales para productos con alta humedad que necesitan que la etiqueta permanezca en perfectas condiciones.<\/p><\/div><\/a><\/div>[\/vc_column_inner][vc_column_inner width=\u00bb1\/4&#8243;]<div class=\"key-icon-box icon-default  cont-left ib-hover-2 kd-animated fadeInUp\" style=\"background-color: #ffffff;\" data-animation-delay=400><a href=\"#\" target=\"\"><div class=\"ib-wrapper\"><h5 class=\"service-heading\" >Etiquetas t\u00e9rmicas adhesivas sin requerimientos de larga duraci\u00f3n<\/h5><p >Perfectas para balanzas, correos privados, log\u00edstica y muchos m\u00e1s.<\/p><\/div><\/a><\/div>[\/vc_column_inner][vc_column_inner width=\u00bb1\/4&#8243;]<div class=\"key-icon-box icon-default  cont-left ib-hover-2 kd-animated fadeInUp\" style=\"background-color: #ffffff;\" data-animation-delay=200><a href=\"#\" target=\"\"><div class=\"ib-wrapper\"><h5 class=\"service-heading\" >Etiquetas en polietileno de alto impacto sin adhesivo<\/h5><p >Con todos los certificados de inocuidad para estar en contacto con su producto.<\/p><\/div><\/a><\/div>[\/vc_column_inner][vc_column_inner width=\u00bb1\/4&#8243;]<div class=\"key-icon-box icon-default  cont-left ib-hover-2 kd-animated fadeInUp\" style=\"background-color: #ffffff;\" data-animation-delay=600><a href=\"\" target=\"\"><div class=\"ib-wrapper\"><h5 class=\"service-heading\" >Etiquetas antifraude<\/h5><p >Con cortes de seguridad y materiales especiales para evidenciar la apertura o manipulaci\u00f3n de un producto.<\/p><\/div><\/a><\/div>[\/vc_column_inner][\/vc_row_inner][vc_row_inner css=\u00bb.vc_custom_1550594302839{padding-bottom: 130px !important;}\u00bb][vc_column_inner]<a  href=\"http:\/\/rretiquetas.com.uy\/sitio\/productos\/\"  target=\"_self\"  title=\"Productos\" class=\"tt_button tt_secondary_button btn_secondary_color hover_outline_secondary pull-left icon_right kd-animated zoomIn\" data-animation-delay=200><span class=\"prim_text\">Todas las etiquetas<\/span><span class=\"fa fa-caret-right iconita\"><\/span><\/a>[\/vc_column_inner][\/vc_row_inner][\/vc_column][\/vc_row][vc_row full_width=\u00bbstretch_row\u00bb kd_fixed_background=\u00bbtrue\u00bb css=\u00bb.vc_custom_1579523911097{background-image: url(http:\/\/sample.uy\/rr\/wp-content\/uploads\/2020\/01\/grey-bg.jpg?id=7597) !important;background-position: center !important;background-repeat: no-repeat !important;background-size: cover !important;}\u00bb][vc_column][vc_row_inner css=\u00bb.vc_custom_1553776229057{padding-top: 97px !important;padding-bottom: 97px !important;}\u00bb][vc_column_inner css=\u00bb.vc_custom_1588126684871{margin-top: 20px !important;padding-right: 45px !important;padding-left: 0px !important;}\u00bb offset=\u00bbvc_col-lg-6&#8243;][vc_images_carousel images=\u00bb7688,7991&#8243; img_size=\u00bbfull\u00bb onclick=\u00bblink_no\u00bb css_animation=\u00bbfadeIn\u00bb css=\u00bb.vc_custom_1588128147878{margin-top: 60px !important;}\u00bb][\/vc_column_inner][vc_column_inner css=\u00bb.vc_custom_1585440104190{padding-right: 0px !important;padding-left: 150px !important;}\u00bb offset=\u00bbvc_col-lg-offset-0 vc_col-lg-6 vc_col-md-offset-1 vc_col-sm-offset-1&#8243;]<header class=\"kd-section-title col-lg-12 text-left solid-line sep-border-width-4  kd-animated fadeIn  \" data-animation-delay=200><h2 class=\"separator_on\" >Nuestra empresa<\/h2><div class=\"kd-separator below_title\" ><div class=\"kd-separator-line\" ><\/div><\/div><h6 class=\"subtitle \" style=\"color: #707070;font-size: 30;\">Somos l\u00edderes gracias al esfuerzo y trabajo de nuestro capital humano que nos permite generar relaciones comerciales duraderas y proyectos exitosos junto a nuestros clientes.<br \/>\nTenemos un estricto control de calidad que acompa\u00f1a a cada uno de los procesos de nuestra producci\u00f3n, esto garantiza que sus etiquetas lleguen en el menor tiempo posible y con la m\u00e1xima calidad. La velocidad en la entrega y la calidad siempre fueron diametralmente opuestas, nosotros llegamos para corregir este problema. Tenemos total control de todas nuestras materias primas garantizando seguridad de abastecimiento.<br \/>\n<b> Cumplimos con la norma ISO 9001:2015 y cada uno de nuestro procesos garantiza el cumplimiento de la misma. <b><\/h6><\/header>[vc_empty_space height=\u00bb15px\u00bb]<a  href=\"http:\/\/rretiquetas.com.uy\/sitio\/nuestra-empresa\/\"  target=\"_self\"  title=\"Nuestra empresa\" class=\"tt_button tt_primary_button btn_primary_color  pull-left icon_right kd-animated zoomIn\" data-animation-delay=200><span class=\"prim_text\">Conocer m\u00e1s<\/span><span class=\"fa fa-caret-right iconita\"><\/span><\/a><a  href=\"https:\/\/rretiquetas.com.uy\/sitio\/etiquetas-uruguay\/\"  target=\"_self\"  title=\"Contactanos\" class=\"tt_button tt_primary_button btn_primary_color  pull-left icon_right kd-animated zoomIn\" data-animation-delay=200><span class=\"prim_text\">Contactanos<\/span><span class=\"fa fa-caret-right iconita\"><\/span><\/a>[\/vc_column_inner][\/vc_row_inner][\/vc_column][\/vc_row][vc_row full_width=\u00bbstretch_row\u00bb parallax=\u00bbcontent-moving\u00bb css=\u00bb.vc_custom_1625147618175{background-image: url(https:\/\/rretiquetas.com.uy\/sitio\/wp-content\/uploads\/2020\/03\/2210045-1.jpg?id=7836) !important;background-position: center;background-repeat: no-repeat !important;background-size: cover !important;}\u00bb][vc_column][vc_row_inner css=\u00bb.vc_custom_1550663598505{border-bottom-width: 1px !important;padding-top: 60px !important;padding-bottom: 60px !important;border-bottom-color: rgba(255,255,255,0.2) !important;border-bottom-style: solid !important;}\u00bb][vc_column_inner]<div class=\"slider clients lift-effect kd-client-69cb4d120fa00  \"><div class=\"clients-content kd-animated zoomIn\" data-animation-delay=200><img loading=\"lazy\" decoding=\"async\" width=\"100\" height=\"100\" src=\"https:\/\/rretiquetas.com.uy\/sitio\/wp-content\/uploads\/2019\/12\/1.png\" class=\"attachment-full\" alt=\"\" title=\"1\" \/><\/div><div class=\"clients-content kd-animated zoomIn\" data-animation-delay=200><img loading=\"lazy\" decoding=\"async\" width=\"100\" height=\"100\" src=\"https:\/\/rretiquetas.com.uy\/sitio\/wp-content\/uploads\/2019\/12\/5.png\" class=\"attachment-full\" alt=\"\" title=\"5\" \/><\/div><div class=\"clients-content kd-animated zoomIn\" data-animation-delay=200><img loading=\"lazy\" decoding=\"async\" width=\"100\" height=\"100\" src=\"https:\/\/rretiquetas.com.uy\/sitio\/wp-content\/uploads\/2019\/12\/2.png\" class=\"attachment-full\" alt=\"\" title=\"2\" \/><\/div><div class=\"clients-content kd-animated zoomIn\" data-animation-delay=200><img loading=\"lazy\" decoding=\"async\" width=\"100\" height=\"100\" src=\"https:\/\/rretiquetas.com.uy\/sitio\/wp-content\/uploads\/2019\/12\/3.png\" class=\"attachment-full\" alt=\"\" title=\"3\" \/><\/div><div class=\"clients-content kd-animated zoomIn\" data-animation-delay=200><img loading=\"lazy\" decoding=\"async\" width=\"100\" height=\"100\" src=\"https:\/\/rretiquetas.com.uy\/sitio\/wp-content\/uploads\/2019\/12\/4.png\" class=\"attachment-full\" alt=\"\" title=\"4\" \/><\/div><div class=\"clients-content kd-animated zoomIn\" data-animation-delay=200><img loading=\"lazy\" decoding=\"async\" width=\"100\" height=\"100\" src=\"https:\/\/rretiquetas.com.uy\/sitio\/wp-content\/uploads\/2019\/12\/5.png\" class=\"attachment-full\" alt=\"\" title=\"5\" \/><\/div><\/div><script type=\"text\/javascript\">\r\n              jQuery(document).ready(function($){\r\n                if ($(\".slider.clients.kd-client-69cb4d120fa00\").length) {\r\n                  $(\".slider.clients.kd-client-69cb4d120fa00\").owlCarousel({\r\n                    stageClass: \"owl-wrapper\",\r\n                    stageOuterClass: \"owl-wrapper-outer\",\r\n                    loadedClass: \"owl-carousel\",dots: false,responsiveClass:true,\r\n                    responsive:{\r\n                      0:{\r\n                          items:1,\r\n                      },\r\n                      400:{\r\n                          items:3,\r\n                      },\r\n                      960:{\r\n                          items:5,\r\n                      }\r\n                    },loop: true,\r\n                  });\r\n                }\r\n              });\r\n            <\/script>[\/vc_column_inner][\/vc_row_inner][vc_row_inner css=\u00bb.vc_custom_1511348417220{padding-top: 100px !important;padding-bottom: 100px !important;}\u00bb][vc_column_inner width=\u00bb1\/4&#8243;][\/vc_column_inner][vc_column_inner width=\u00bb1\/2&#8243;][vc_empty_space height=\u00bb15px\u00bb][vc_custom_heading text=\u00bbAlgunas de las empresas que conf\u00edan en nosotros\u00bb font_container=\u00bbtag:h2|text_align:center|color:%23ffffff\u00bb use_theme_fonts=\u00bbyes\u00bb css_animation=\u00bbfadeIn\u00bb css=\u00bb.vc_custom_1576118572604{margin-bottom: 35px !important;}\u00bb]<a  href=\"http:\/\/rretiquetas.com.uy\/sitio\/productos\/\"  target=\"_self\"  title=\"Productos\" class=\"tt_button tt_primary_button btn_primary_color  button-center icon_right kd-animated zoomIn\" data-animation-delay=200><span class=\"prim_text\">Nuestros productos<\/span><span class=\"fa fa-caret-right iconita\"><\/span><\/a>[\/vc_column_inner][vc_column_inner width=\u00bb1\/4&#8243;][\/vc_column_inner][\/vc_row_inner][\/vc_column][\/vc_row]<\/b><\/b><\/p>\n<\/div>","protected":false},"excerpt":{"rendered":"<p>[vc_row el_class=\u00bbunder-menu-topbar\u00bb][vc_column][rev_slider_vc alias=\u00bbcorporate-slider-1&#8243;][\/vc_column][\/vc_row][vc_row full_width=\u00bbstretch_row\u00bb css=\u00bb.vc_custom_1625147547808{padding-top: 130px !important;background: #ed7314 url(https:\/\/rretiquetas.com.uy\/sitio\/wp-content\/uploads\/2020\/01\/oange-bg1.jpg?id=7593) !important;}\u00bb][vc_column css=\u00bb.vc_custom_1516008777154{padding-right: 0px !important;padding-left: 0px !important;}\u00bb][vc_row_inner][vc_column_inner][\/vc_column_inner][\/vc_row_inner][vc_row_inner css=\u00bb.vc_custom_1550594307550{padding-bottom: 60px !important;}\u00bb][vc_column_inner width=\u00bb1\/4&#8243;][\/vc_column_inner][vc_column_inner width=\u00bb1\/4&#8243;][\/vc_column_inner][vc_column_inner [&hellip;]<\/p>\n","protected":false},"author":2,"featured_media":0,"parent":0,"menu_order":0,"comment_status":"closed","ping_status":"closed","template":"","meta":{"_monsterinsights_skip_tracking":false,"_monsterinsights_sitenote_active":false,"_monsterinsights_sitenote_note":"","_monsterinsights_sitenote_category":0,"footnotes":""},"class_list":["post-7421","page","type-page","status-publish","hentry"],"yoast_head":"<!-- This site is optimized with the Yoast SEO plugin v23.8 - https:\/\/yoast.com\/wordpress\/plugins\/seo\/ -->\n<title>Inicio - RR Etiquetas Uruguay - A Beontag Company<\/title>\n<meta name=\"robots\" content=\"index, follow, max-snippet:-1, max-image-preview:large, max-video-preview:-1\" \/>\n<link rel=\"canonical\" href=\"https:\/\/rretiquetas.com.uy\/sitio\/\" \/>\n<meta property=\"og:locale\" content=\"es_ES\" \/>\n<meta property=\"og:type\" content=\"article\" \/>\n<meta property=\"og:title\" content=\"Inicio - RR Etiquetas Uruguay - A Beontag Company\" \/>\n<meta property=\"og:description\" content=\"[vc_row el_class=\u00bbunder-menu-topbar\u00bb][vc_column][rev_slider_vc alias=\u00bbcorporate-slider-1&#8243;][\/vc_column][\/vc_row][vc_row full_width=\u00bbstretch_row\u00bb css=\u00bb.vc_custom_1625147547808{padding-top: 130px !important;background: #ed7314 url(https:\/\/rretiquetas.com.uy\/sitio\/wp-content\/uploads\/2020\/01\/oange-bg1.jpg?id=7593) !important;}\u00bb][vc_column css=\u00bb.vc_custom_1516008777154{padding-right: 0px !important;padding-left: 0px !important;}\u00bb][vc_row_inner][vc_column_inner][\/vc_column_inner][\/vc_row_inner][vc_row_inner css=\u00bb.vc_custom_1550594307550{padding-bottom: 60px !important;}\u00bb][vc_column_inner width=\u00bb1\/4&#8243;][\/vc_column_inner][vc_column_inner width=\u00bb1\/4&#8243;][\/vc_column_inner][vc_column_inner [&hellip;]\" \/>\n<meta property=\"og:url\" content=\"https:\/\/rretiquetas.com.uy\/sitio\/\" \/>\n<meta property=\"og:site_name\" content=\"RR Etiquetas Uruguay - A Beontag Company\" \/>\n<meta property=\"article:publisher\" content=\"https:\/\/www.facebook.com\/rretiquetasuy\/\" \/>\n<meta property=\"article:modified_time\" content=\"2022-09-29T10:48:37+00:00\" \/>\n<meta name=\"twitter:card\" content=\"summary_large_image\" \/>\n<meta name=\"twitter:label1\" content=\"Est. reading time\" \/>\n\t<meta name=\"twitter:data1\" content=\"3 minutos\" \/>\n<script type=\"application\/ld+json\" class=\"yoast-schema-graph\">{\"@context\":\"https:\/\/schema.org\",\"@graph\":[{\"@type\":\"WebPage\",\"@id\":\"https:\/\/rretiquetas.com.uy\/sitio\/\",\"url\":\"https:\/\/rretiquetas.com.uy\/sitio\/\",\"name\":\"Inicio - RR Etiquetas Uruguay - A Beontag Company\",\"isPartOf\":{\"@id\":\"https:\/\/rretiquetas.com.uy\/sitio\/#website\"},\"datePublished\":\"2019-04-24T12:52:16+00:00\",\"dateModified\":\"2022-09-29T10:48:37+00:00\",\"breadcrumb\":{\"@id\":\"https:\/\/rretiquetas.com.uy\/sitio\/#breadcrumb\"},\"inLanguage\":\"es-UY\",\"potentialAction\":[{\"@type\":\"ReadAction\",\"target\":[\"https:\/\/rretiquetas.com.uy\/sitio\/\"]}]},{\"@type\":\"BreadcrumbList\",\"@id\":\"https:\/\/rretiquetas.com.uy\/sitio\/#breadcrumb\",\"itemListElement\":[{\"@type\":\"ListItem\",\"position\":1,\"name\":\"Portada\",\"item\":\"https:\/\/rretiquetas.com.uy\/sitio\/\"},{\"@type\":\"ListItem\",\"position\":2,\"name\":\"Inicio\"}]},{\"@type\":\"WebSite\",\"@id\":\"https:\/\/rretiquetas.com.uy\/sitio\/#website\",\"url\":\"https:\/\/rretiquetas.com.uy\/sitio\/\",\"name\":\"RR Etiquetas Uruguay - A Beontag Company\",\"description\":\"\",\"publisher\":{\"@id\":\"https:\/\/rretiquetas.com.uy\/sitio\/#organization\"},\"potentialAction\":[{\"@type\":\"SearchAction\",\"target\":{\"@type\":\"EntryPoint\",\"urlTemplate\":\"https:\/\/rretiquetas.com.uy\/sitio\/?s={search_term_string}\"},\"query-input\":{\"@type\":\"PropertyValueSpecification\",\"valueRequired\":true,\"valueName\":\"search_term_string\"}}],\"inLanguage\":\"es-UY\"},{\"@type\":\"Organization\",\"@id\":\"https:\/\/rretiquetas.com.uy\/sitio\/#organization\",\"name\":\"RR Etiquetas Uruguay - A Beontag Company\",\"url\":\"https:\/\/rretiquetas.com.uy\/sitio\/\",\"logo\":{\"@type\":\"ImageObject\",\"inLanguage\":\"es-UY\",\"@id\":\"https:\/\/rretiquetas.com.uy\/sitio\/#\/schema\/logo\/image\/\",\"url\":\"https:\/\/rretiquetas.com.uy\/sitio\/wp-content\/uploads\/2022\/03\/Logo-RR-Etiquetas-A-Beontag-Company.png\",\"contentUrl\":\"https:\/\/rretiquetas.com.uy\/sitio\/wp-content\/uploads\/2022\/03\/Logo-RR-Etiquetas-A-Beontag-Company.png\",\"width\":230,\"height\":134,\"caption\":\"RR Etiquetas Uruguay - A Beontag Company\"},\"image\":{\"@id\":\"https:\/\/rretiquetas.com.uy\/sitio\/#\/schema\/logo\/image\/\"},\"sameAs\":[\"https:\/\/www.facebook.com\/rretiquetasuy\/\",\"https:\/\/www.instagram.com\/rretiquetasuy\/?hl=es\",\"https:\/\/uy.linkedin.com\/company\/rr-etiquetas-uruguay\"]}]}<\/script>\n<!-- \/ Yoast SEO plugin. -->","yoast_head_json":{"title":"Inicio - RR Etiquetas Uruguay - A Beontag Company","robots":{"index":"index","follow":"follow","max-snippet":"max-snippet:-1","max-image-preview":"max-image-preview:large","max-video-preview":"max-video-preview:-1"},"canonical":"https:\/\/rretiquetas.com.uy\/sitio\/","og_locale":"es_ES","og_type":"article","og_title":"Inicio - RR Etiquetas Uruguay - A Beontag Company","og_description":"[vc_row el_class=\u00bbunder-menu-topbar\u00bb][vc_column][rev_slider_vc alias=\u00bbcorporate-slider-1&#8243;][\/vc_column][\/vc_row][vc_row full_width=\u00bbstretch_row\u00bb css=\u00bb.vc_custom_1625147547808{padding-top: 130px !important;background: #ed7314 url(https:\/\/rretiquetas.com.uy\/sitio\/wp-content\/uploads\/2020\/01\/oange-bg1.jpg?id=7593) !important;}\u00bb][vc_column css=\u00bb.vc_custom_1516008777154{padding-right: 0px !important;padding-left: 0px !important;}\u00bb][vc_row_inner][vc_column_inner][\/vc_column_inner][\/vc_row_inner][vc_row_inner css=\u00bb.vc_custom_1550594307550{padding-bottom: 60px !important;}\u00bb][vc_column_inner width=\u00bb1\/4&#8243;][\/vc_column_inner][vc_column_inner width=\u00bb1\/4&#8243;][\/vc_column_inner][vc_column_inner [&hellip;]","og_url":"https:\/\/rretiquetas.com.uy\/sitio\/","og_site_name":"RR Etiquetas Uruguay - A Beontag Company","article_publisher":"https:\/\/www.facebook.com\/rretiquetasuy\/","article_modified_time":"2022-09-29T10:48:37+00:00","twitter_card":"summary_large_image","twitter_misc":{"Est. reading time":"3 minutos"},"schema":{"@context":"https:\/\/schema.org","@graph":[{"@type":"WebPage","@id":"https:\/\/rretiquetas.com.uy\/sitio\/","url":"https:\/\/rretiquetas.com.uy\/sitio\/","name":"Inicio - RR Etiquetas Uruguay - A Beontag Company","isPartOf":{"@id":"https:\/\/rretiquetas.com.uy\/sitio\/#website"},"datePublished":"2019-04-24T12:52:16+00:00","dateModified":"2022-09-29T10:48:37+00:00","breadcrumb":{"@id":"https:\/\/rretiquetas.com.uy\/sitio\/#breadcrumb"},"inLanguage":"es-UY","potentialAction":[{"@type":"ReadAction","target":["https:\/\/rretiquetas.com.uy\/sitio\/"]}]},{"@type":"BreadcrumbList","@id":"https:\/\/rretiquetas.com.uy\/sitio\/#breadcrumb","itemListElement":[{"@type":"ListItem","position":1,"name":"Portada","item":"https:\/\/rretiquetas.com.uy\/sitio\/"},{"@type":"ListItem","position":2,"name":"Inicio"}]},{"@type":"WebSite","@id":"https:\/\/rretiquetas.com.uy\/sitio\/#website","url":"https:\/\/rretiquetas.com.uy\/sitio\/","name":"RR Etiquetas Uruguay - A Beontag Company","description":"","publisher":{"@id":"https:\/\/rretiquetas.com.uy\/sitio\/#organization"},"potentialAction":[{"@type":"SearchAction","target":{"@type":"EntryPoint","urlTemplate":"https:\/\/rretiquetas.com.uy\/sitio\/?s={search_term_string}"},"query-input":{"@type":"PropertyValueSpecification","valueRequired":true,"valueName":"search_term_string"}}],"inLanguage":"es-UY"},{"@type":"Organization","@id":"https:\/\/rretiquetas.com.uy\/sitio\/#organization","name":"RR Etiquetas Uruguay - A Beontag Company","url":"https:\/\/rretiquetas.com.uy\/sitio\/","logo":{"@type":"ImageObject","inLanguage":"es-UY","@id":"https:\/\/rretiquetas.com.uy\/sitio\/#\/schema\/logo\/image\/","url":"https:\/\/rretiquetas.com.uy\/sitio\/wp-content\/uploads\/2022\/03\/Logo-RR-Etiquetas-A-Beontag-Company.png","contentUrl":"https:\/\/rretiquetas.com.uy\/sitio\/wp-content\/uploads\/2022\/03\/Logo-RR-Etiquetas-A-Beontag-Company.png","width":230,"height":134,"caption":"RR Etiquetas Uruguay - A Beontag Company"},"image":{"@id":"https:\/\/rretiquetas.com.uy\/sitio\/#\/schema\/logo\/image\/"},"sameAs":["https:\/\/www.facebook.com\/rretiquetasuy\/","https:\/\/www.instagram.com\/rretiquetasuy\/?hl=es","https:\/\/uy.linkedin.com\/company\/rr-etiquetas-uruguay"]}]}},"_links":{"self":[{"href":"https:\/\/rretiquetas.com.uy\/sitio\/wp-json\/wp\/v2\/pages\/7421"}],"collection":[{"href":"https:\/\/rretiquetas.com.uy\/sitio\/wp-json\/wp\/v2\/pages"}],"about":[{"href":"https:\/\/rretiquetas.com.uy\/sitio\/wp-json\/wp\/v2\/types\/page"}],"author":[{"embeddable":true,"href":"https:\/\/rretiquetas.com.uy\/sitio\/wp-json\/wp\/v2\/users\/2"}],"replies":[{"embeddable":true,"href":"https:\/\/rretiquetas.com.uy\/sitio\/wp-json\/wp\/v2\/comments?post=7421"}],"version-history":[{"count":83,"href":"https:\/\/rretiquetas.com.uy\/sitio\/wp-json\/wp\/v2\/pages\/7421\/revisions"}],"predecessor-version":[{"id":8618,"href":"https:\/\/rretiquetas.com.uy\/sitio\/wp-json\/wp\/v2\/pages\/7421\/revisions\/8618"}],"wp:attachment":[{"href":"https:\/\/rretiquetas.com.uy\/sitio\/wp-json\/wp\/v2\/media?parent=7421"}],"curies":[{"name":"wp","href":"https:\/\/api.w.org\/{rel}","templated":true}]}}